{"id":262,"date":"2018-01-22T10:20:41","date_gmt":"2018-01-22T14:20:41","guid":{"rendered":"http:\/\/new.sajoma.gob.do\/transparencia\/?page_id=262"},"modified":"2020-08-21T13:46:47","modified_gmt":"2020-08-21T17:46:47","slug":"formulario-de-solicitud-de-informacion","status":"publish","type":"page","link":"https:\/\/alcaldiasajoma.gob.do\/transparencia\/formulario-de-solicitud-de-informacion\/","title":{"rendered":"Formulario de solicitud de Informaci\u00f3n"},"content":{"rendered":"<p style=\"text-align: center\"><span style=\"color: #ff0000\"><strong><span style=\"font-size: 24pt\"><a style=\"color: #ff0000\" href=\"http:\/\/alcaldiasajoma.gob.do\/transparencia\/wp-content\/uploads\/2019\/01\/FORMULARIOS-OAI-AYSAJOMA.pdf\" target=\"_blank\" rel=\"noopener\">DESCARGUE LOS FORMULARIOS OAI AYUNTAMIENTO SAJOMA AQUI<\/a><\/span><\/strong><\/span><\/p>\n<p><img loading=\"lazy\" width=\"900\" height=\"364\" class=\"alignnone size-full wp-image-1858\" src=\"http:\/\/alcaldiasajoma.gob.do\/transparencia\/wp-content\/uploads\/2020\/08\/saip.jpg\" alt=\"\" srcset=\"https:\/\/alcaldiasajoma.gob.do\/transparencia\/wp-content\/uploads\/2020\/08\/saip.jpg 900w, https:\/\/alcaldiasajoma.gob.do\/transparencia\/wp-content\/uploads\/2020\/08\/saip-250x101.jpg 250w, https:\/\/alcaldiasajoma.gob.do\/transparencia\/wp-content\/uploads\/2020\/08\/saip-768x311.jpg 768w, https:\/\/alcaldiasajoma.gob.do\/transparencia\/wp-content\/uploads\/2020\/08\/saip-700x283.jpg 700w, https:\/\/alcaldiasajoma.gob.do\/transparencia\/wp-content\/uploads\/2020\/08\/saip-120x49.jpg 120w\" sizes=\"(max-width: 900px) 100vw, 900px\" \/>A trav\u00e9s de este sistema los ciudadanos pueden realizar sus solicitudes de acceso a la informaci\u00f3n p\u00fablica de forma f\u00e1cil, \u00e1gil y desde cualquier punto de la geograf\u00eda nacional o mundial, salvando con esto los costos de traslado, y acercando por ende el Estado a la sociedad a trav\u00e9s del uso intensivo de las tecnolog\u00edas de la informaci\u00f3n y comunicaci\u00f3n, facilitando el control social, la transparencia, la participaci\u00f3n y colaboraci\u00f3n ciudadanas.<\/p>\n<p style=\"text-align: center\"><a href=\"https:\/\/www.saip.gob.do\/apps\/sip\/?step=three&amp;organization=gobiernos\" target=\"_blank\" rel=\"noopener\"><span style=\"font-size: 24pt;color: #00ccff\">Realiza la solicitud en linea\u00a0<\/span><span style=\"font-size: 24pt;color: #00ccff\">Clic Aqu\u00ed\u00a0<\/span><\/a><\/p>\n","protected":false},"excerpt":{"rendered":"DESCARGUE LOS FORMULARIOS OAI AYUNTAMIENTO SAJOMA AQUI A trav\u00e9s de este sistema los ciudadanos pueden realizar sus solicitudes de acceso a la informaci\u00f3n p\u00fablica de forma f\u00e1cil, \u00e1gil y desde cualquier punto de la geograf\u00eda nacional o mundial, salvando con esto los costos de traslado, y acercando por ende el Estado a la sociedad a&#8230;","protected":false},"author":4,"featured_media":0,"parent":0,"menu_order":0,"comment_status":"closed","ping_status":"closed","template":"","meta":[],"_links":{"self":[{"href":"https:\/\/alcaldiasajoma.gob.do\/transparencia\/wp-json\/wp\/v2\/pages\/262"}],"collection":[{"href":"https:\/\/alcaldiasajoma.gob.do\/transparencia\/wp-json\/wp\/v2\/pages"}],"about":[{"href":"https:\/\/alcaldiasajoma.gob.do\/transparencia\/wp-json\/wp\/v2\/types\/page"}],"author":[{"embeddable":true,"href":"https:\/\/alcaldiasajoma.gob.do\/transparencia\/wp-json\/wp\/v2\/users\/4"}],"replies":[{"embeddable":true,"href":"https:\/\/alcaldiasajoma.gob.do\/transparencia\/wp-json\/wp\/v2\/comments?post=262"}],"version-history":[{"count":23,"href":"https:\/\/alcaldiasajoma.gob.do\/transparencia\/wp-json\/wp\/v2\/pages\/262\/revisions"}],"predecessor-version":[{"id":1859,"href":"https:\/\/alcaldiasajoma.gob.do\/transparencia\/wp-json\/wp\/v2\/pages\/262\/revisions\/1859"}],"wp:attachment":[{"href":"https:\/\/alcaldiasajoma.gob.do\/transparencia\/wp-json\/wp\/v2\/media?parent=262"}],"curies":[{"name":"wp","href":"https:\/\/api.w.org\/{rel}","templated":true}]}}