{"id":258,"date":"2018-06-30T10:17:40","date_gmt":"2018-06-30T14:17:40","guid":{"rendered":"http:\/\/new.sajoma.gob.do\/transparencia\/?page_id=258"},"modified":"2024-09-25T12:31:56","modified_gmt":"2024-09-25T16:31:56","slug":"responsable-de-acceso-a-la-informacion","status":"publish","type":"page","link":"https:\/\/alcaldiasajoma.gob.do\/transparencia\/responsable-de-acceso-a-la-informacion\/","title":{"rendered":"Responsable de Acceso a la Informaci\u00f3n"},"content":{"rendered":"<p style=\"text-align: center\"><strong><span style=\"font-size: 14pt\">YONAIRY ALTAGRACIA BRITO FERN\u00c1NDEZ<\/span><\/strong><\/p>\n<p style=\"text-align: center\"><em>Responsable de Acceso a la Informaci\u00f3n (RAI)<\/em><\/p>\n<p style=\"text-align: center\">Tel\u00e9fono: 809-571-6067<\/p>\n<p style=\"text-align: center\">Extensi\u00f3n: 101<\/p>\n<p style=\"text-align: center\">Correo electr\u00f3nico: <a href=\"mailto:oai@alcaldiasajoma.gob.do\" target=\"_blank\" rel=\"noopener\">oai@alcaldiasajoma.gob.do<\/a><\/p>\n<p style=\"text-align: center\">Correo electr\u00f3nico: <a href=\"mailto:oficinalibreaccesosajoma@gmail.com\">oficinalibreaccesosajoma@gmail.com<\/a><\/p>\n","protected":false},"excerpt":{"rendered":"YONAIRY ALTAGRACIA BRITO FERN\u00c1NDEZ Responsable de Acceso a la Informaci\u00f3n (RAI) Tel\u00e9fono: 809-571-6067 Extensi\u00f3n: 101 Correo electr\u00f3nico: oai@alcaldiasajoma.gob.do Correo electr\u00f3nico: oficinalibreaccesosajoma@gmail.com","protected":false},"author":4,"featured_media":0,"parent":0,"menu_order":0,"comment_status":"closed","ping_status":"closed","template":"","meta":[],"_links":{"self":[{"href":"https:\/\/alcaldiasajoma.gob.do\/transparencia\/wp-json\/wp\/v2\/pages\/258"}],"collection":[{"href":"https:\/\/alcaldiasajoma.gob.do\/transparencia\/wp-json\/wp\/v2\/pages"}],"about":[{"href":"https:\/\/alcaldiasajoma.gob.do\/transparencia\/wp-json\/wp\/v2\/types\/page"}],"author":[{"embeddable":true,"href":"https:\/\/alcaldiasajoma.gob.do\/transparencia\/wp-json\/wp\/v2\/users\/4"}],"replies":[{"embeddable":true,"href":"https:\/\/alcaldiasajoma.gob.do\/transparencia\/wp-json\/wp\/v2\/comments?post=258"}],"version-history":[{"count":15,"href":"https:\/\/alcaldiasajoma.gob.do\/transparencia\/wp-json\/wp\/v2\/pages\/258\/revisions"}],"predecessor-version":[{"id":3872,"href":"https:\/\/alcaldiasajoma.gob.do\/transparencia\/wp-json\/wp\/v2\/pages\/258\/revisions\/3872"}],"wp:attachment":[{"href":"https:\/\/alcaldiasajoma.gob.do\/transparencia\/wp-json\/wp\/v2\/media?parent=258"}],"curies":[{"name":"wp","href":"https:\/\/api.w.org\/{rel}","templated":true}]}}